{"id":3793,"date":"2021-10-04T16:26:13","date_gmt":"2021-10-04T14:26:13","guid":{"rendered":"https:\/\/orbeatize.com\/shop\/jose-ignacio-valdes-misterios-cosmograficos\/"},"modified":"2021-10-04T16:26:13","modified_gmt":"2021-10-04T14:26:13","slug":"jose-ignacio-valdes-misterios-cosmograficos","status":"publish","type":"product","link":"https:\/\/orbeatize.com\/en\/shop\/jose-ignacio-valdes-misterios-cosmograficos\/","title":{"rendered":"Jos\u00e9 Ignacio Vald\u00e9s"},"content":{"rendered":"<p><span style=\"font-weight: 400;\">The multifaceted Chilean musician, sound designer and artist Jos\u00e9 Ignacio Vald\u00e9s says: &#8220;It took four years to compose this concert. We used electronic sequences and sound atmospheres that complement each other between the hectic modern life and the spaces needed to relax the listener&#8217;s senses. From the first notes an effect is produced that captivates those who venture through in its sound surprises. Created in the Andes, it is affected by the incomparable beauty of its landscapes, which have allowed the inspiration to set to music the great questions about the journey of life that everyone faces.<\/span><\/p>\n","protected":false},"excerpt":{"rendered":"<p>Misterios Cosmogr\u00e1ficos<\/p>\n","protected":false},"featured_media":3692,"template":"","meta":{"_acf_changed":false},"product_brand":[],"product_cat":[85],"product_tag":[],"class_list":{"0":"post-3793","1":"product","2":"type-product","3":"status-publish","4":"has-post-thumbnail","6":"product_cat-orb-en","8":"first","9":"instock","10":"shipping-taxable","11":"purchasable","12":"product-type-simple"},"acf":[],"yoast_head":"<!-- This site is optimized with the Yoast SEO plugin v27.5 - https:\/\/yoast.com\/product\/yoast-seo-wordpress\/ -->\n<title>Jos\u00e9 Ignacio Vald\u00e9s - Orbeatize<\/title>\n<meta name=\"description\" content=\"Album for collectors, Jos\u00e9 Ignacio Vald\u00e9s,Misterios Cosmogr\u00e1ficos, ORB 15, experimental electronic music produced by Orbeatize Records\" \/>\n<meta name=\"robots\" content=\"index, follow, max-snippet:-1, max-image-preview:large, max-video-preview:-1\" \/>\n<link rel=\"canonical\" href=\"https:\/\/orbeatize.com\/en\/shop\/jose-ignacio-valdes-misterios-cosmograficos\/\" \/>\n<meta property=\"og:locale\" content=\"en_US\" \/>\n<meta property=\"og:type\" content=\"article\" \/>\n<meta property=\"og:title\" content=\"Jos\u00e9 Ignacio Vald\u00e9s - Orbeatize\" \/>\n<meta property=\"og:description\" content=\"Album for collectors, Jos\u00e9 Ignacio Vald\u00e9s,Misterios Cosmogr\u00e1ficos, ORB 15, experimental electronic music produced by Orbeatize Records\" \/>\n<meta property=\"og:url\" content=\"https:\/\/orbeatize.com\/en\/shop\/jose-ignacio-valdes-misterios-cosmograficos\/\" \/>\n<meta property=\"og:site_name\" content=\"Orbeatize\" \/>\n<meta property=\"og:image\" content=\"https:\/\/orbeatize.com\/wp-content\/uploads\/2021\/10\/jose-ignacio-valdes-misterios-cosmograficos-orb-15-experimental-electronic-music-orbeatize.jpg\" \/>\n\t<meta property=\"og:image:width\" content=\"1200\" \/>\n\t<meta property=\"og:image:height\" content=\"1200\" \/>\n\t<meta property=\"og:image:type\" content=\"image\/jpeg\" \/>\n<meta name=\"twitter:card\" content=\"summary_large_image\" \/>\n<script type=\"application\/ld+json\" class=\"yoast-schema-graph\">{\"@context\":\"https:\\\/\\\/schema.org\",\"@graph\":[{\"@type\":\"WebPage\",\"@id\":\"https:\\\/\\\/orbeatize.com\\\/en\\\/shop\\\/jose-ignacio-valdes-misterios-cosmograficos\\\/\",\"url\":\"https:\\\/\\\/orbeatize.com\\\/en\\\/shop\\\/jose-ignacio-valdes-misterios-cosmograficos\\\/\",\"name\":\"Jos\u00e9 Ignacio Vald\u00e9s - Orbeatize\",\"isPartOf\":{\"@id\":\"https:\\\/\\\/orbeatize.com\\\/en\\\/#website\"},\"primaryImageOfPage\":{\"@id\":\"https:\\\/\\\/orbeatize.com\\\/en\\\/shop\\\/jose-ignacio-valdes-misterios-cosmograficos\\\/#primaryimage\"},\"image\":{\"@id\":\"https:\\\/\\\/orbeatize.com\\\/en\\\/shop\\\/jose-ignacio-valdes-misterios-cosmograficos\\\/#primaryimage\"},\"thumbnailUrl\":\"https:\\\/\\\/orbeatize.com\\\/wp-content\\\/uploads\\\/2021\\\/10\\\/jose-ignacio-valdes-misterios-cosmograficos-orb-15-experimental-electronic-music-orbeatize.jpg\",\"datePublished\":\"2021-10-04T14:26:13+00:00\",\"description\":\"Album for collectors, Jos\u00e9 Ignacio Vald\u00e9s,Misterios Cosmogr\u00e1ficos, ORB 15, experimental electronic music produced by Orbeatize Records\",\"breadcrumb\":{\"@id\":\"https:\\\/\\\/orbeatize.com\\\/en\\\/shop\\\/jose-ignacio-valdes-misterios-cosmograficos\\\/#breadcrumb\"},\"inLanguage\":\"en-US\",\"potentialAction\":[{\"@type\":\"ReadAction\",\"target\":[\"https:\\\/\\\/orbeatize.com\\\/en\\\/shop\\\/jose-ignacio-valdes-misterios-cosmograficos\\\/\"]}]},{\"@type\":\"ImageObject\",\"inLanguage\":\"en-US\",\"@id\":\"https:\\\/\\\/orbeatize.com\\\/en\\\/shop\\\/jose-ignacio-valdes-misterios-cosmograficos\\\/#primaryimage\",\"url\":\"https:\\\/\\\/orbeatize.com\\\/wp-content\\\/uploads\\\/2021\\\/10\\\/jose-ignacio-valdes-misterios-cosmograficos-orb-15-experimental-electronic-music-orbeatize.jpg\",\"contentUrl\":\"https:\\\/\\\/orbeatize.com\\\/wp-content\\\/uploads\\\/2021\\\/10\\\/jose-ignacio-valdes-misterios-cosmograficos-orb-15-experimental-electronic-music-orbeatize.jpg\",\"width\":1200,\"height\":1200,\"caption\":\"Album, Jos\u00e9 Ignacio Vald\u00e9s,Misterios Cosmogr\u00e1ficos, ORB 15, experimental electronic music produced by Orbeatize Records\"},{\"@type\":\"BreadcrumbList\",\"@id\":\"https:\\\/\\\/orbeatize.com\\\/en\\\/shop\\\/jose-ignacio-valdes-misterios-cosmograficos\\\/#breadcrumb\",\"itemListElement\":[{\"@type\":\"ListItem\",\"position\":1,\"name\":\"Home\",\"item\":\"https:\\\/\\\/orbeatize.com\\\/en\\\/\"},{\"@type\":\"ListItem\",\"position\":2,\"name\":\"Shop\",\"item\":\"https:\\\/\\\/orbeatize.com\\\/en\\\/shop\\\/\"},{\"@type\":\"ListItem\",\"position\":3,\"name\":\"Jos\u00e9 Ignacio Vald\u00e9s\"}]},{\"@type\":\"WebSite\",\"@id\":\"https:\\\/\\\/orbeatize.com\\\/en\\\/#website\",\"url\":\"https:\\\/\\\/orbeatize.com\\\/en\\\/\",\"name\":\"Orbeatize\",\"description\":\"\",\"potentialAction\":[{\"@type\":\"SearchAction\",\"target\":{\"@type\":\"EntryPoint\",\"urlTemplate\":\"https:\\\/\\\/orbeatize.com\\\/en\\\/?s={search_term_string}\"},\"query-input\":{\"@type\":\"PropertyValueSpecification\",\"valueRequired\":true,\"valueName\":\"search_term_string\"}}],\"inLanguage\":\"en-US\"}]}<\/script>\n<!-- \/ Yoast SEO plugin. -->","yoast_head_json":{"title":"Jos\u00e9 Ignacio Vald\u00e9s - Orbeatize","description":"Album for collectors, Jos\u00e9 Ignacio Vald\u00e9s,Misterios Cosmogr\u00e1ficos, ORB 15, experimental electronic music produced by Orbeatize Records","robots":{"index":"index","follow":"follow","max-snippet":"max-snippet:-1","max-image-preview":"max-image-preview:large","max-video-preview":"max-video-preview:-1"},"canonical":"https:\/\/orbeatize.com\/en\/shop\/jose-ignacio-valdes-misterios-cosmograficos\/","og_locale":"en_US","og_type":"article","og_title":"Jos\u00e9 Ignacio Vald\u00e9s - Orbeatize","og_description":"Album for collectors, Jos\u00e9 Ignacio Vald\u00e9s,Misterios Cosmogr\u00e1ficos, ORB 15, experimental electronic music produced by Orbeatize Records","og_url":"https:\/\/orbeatize.com\/en\/shop\/jose-ignacio-valdes-misterios-cosmograficos\/","og_site_name":"Orbeatize","og_image":[{"width":1200,"height":1200,"url":"https:\/\/orbeatize.com\/wp-content\/uploads\/2021\/10\/jose-ignacio-valdes-misterios-cosmograficos-orb-15-experimental-electronic-music-orbeatize.jpg","type":"image\/jpeg"}],"twitter_card":"summary_large_image","schema":{"@context":"https:\/\/schema.org","@graph":[{"@type":"WebPage","@id":"https:\/\/orbeatize.com\/en\/shop\/jose-ignacio-valdes-misterios-cosmograficos\/","url":"https:\/\/orbeatize.com\/en\/shop\/jose-ignacio-valdes-misterios-cosmograficos\/","name":"Jos\u00e9 Ignacio Vald\u00e9s - Orbeatize","isPartOf":{"@id":"https:\/\/orbeatize.com\/en\/#website"},"primaryImageOfPage":{"@id":"https:\/\/orbeatize.com\/en\/shop\/jose-ignacio-valdes-misterios-cosmograficos\/#primaryimage"},"image":{"@id":"https:\/\/orbeatize.com\/en\/shop\/jose-ignacio-valdes-misterios-cosmograficos\/#primaryimage"},"thumbnailUrl":"https:\/\/orbeatize.com\/wp-content\/uploads\/2021\/10\/jose-ignacio-valdes-misterios-cosmograficos-orb-15-experimental-electronic-music-orbeatize.jpg","datePublished":"2021-10-04T14:26:13+00:00","description":"Album for collectors, Jos\u00e9 Ignacio Vald\u00e9s,Misterios Cosmogr\u00e1ficos, ORB 15, experimental electronic music produced by Orbeatize Records","breadcrumb":{"@id":"https:\/\/orbeatize.com\/en\/shop\/jose-ignacio-valdes-misterios-cosmograficos\/#breadcrumb"},"inLanguage":"en-US","potentialAction":[{"@type":"ReadAction","target":["https:\/\/orbeatize.com\/en\/shop\/jose-ignacio-valdes-misterios-cosmograficos\/"]}]},{"@type":"ImageObject","inLanguage":"en-US","@id":"https:\/\/orbeatize.com\/en\/shop\/jose-ignacio-valdes-misterios-cosmograficos\/#primaryimage","url":"https:\/\/orbeatize.com\/wp-content\/uploads\/2021\/10\/jose-ignacio-valdes-misterios-cosmograficos-orb-15-experimental-electronic-music-orbeatize.jpg","contentUrl":"https:\/\/orbeatize.com\/wp-content\/uploads\/2021\/10\/jose-ignacio-valdes-misterios-cosmograficos-orb-15-experimental-electronic-music-orbeatize.jpg","width":1200,"height":1200,"caption":"Album, Jos\u00e9 Ignacio Vald\u00e9s,Misterios Cosmogr\u00e1ficos, ORB 15, experimental electronic music produced by Orbeatize Records"},{"@type":"BreadcrumbList","@id":"https:\/\/orbeatize.com\/en\/shop\/jose-ignacio-valdes-misterios-cosmograficos\/#breadcrumb","itemListElement":[{"@type":"ListItem","position":1,"name":"Home","item":"https:\/\/orbeatize.com\/en\/"},{"@type":"ListItem","position":2,"name":"Shop","item":"https:\/\/orbeatize.com\/en\/shop\/"},{"@type":"ListItem","position":3,"name":"Jos\u00e9 Ignacio Vald\u00e9s"}]},{"@type":"WebSite","@id":"https:\/\/orbeatize.com\/en\/#website","url":"https:\/\/orbeatize.com\/en\/","name":"Orbeatize","description":"","potentialAction":[{"@type":"SearchAction","target":{"@type":"EntryPoint","urlTemplate":"https:\/\/orbeatize.com\/en\/?s={search_term_string}"},"query-input":{"@type":"PropertyValueSpecification","valueRequired":true,"valueName":"search_term_string"}}],"inLanguage":"en-US"}]}},"_links":{"self":[{"href":"https:\/\/orbeatize.com\/en\/wp-json\/wp\/v2\/product\/3793","targetHints":{"allow":["GET"]}}],"collection":[{"href":"https:\/\/orbeatize.com\/en\/wp-json\/wp\/v2\/product"}],"about":[{"href":"https:\/\/orbeatize.com\/en\/wp-json\/wp\/v2\/types\/product"}],"wp:featuredmedia":[{"embeddable":true,"href":"https:\/\/orbeatize.com\/en\/wp-json\/wp\/v2\/media\/3692"}],"wp:attachment":[{"href":"https:\/\/orbeatize.com\/en\/wp-json\/wp\/v2\/media?parent=3793"}],"wp:term":[{"taxonomy":"product_brand","embeddable":true,"href":"https:\/\/orbeatize.com\/en\/wp-json\/wp\/v2\/product_brand?post=3793"},{"taxonomy":"product_cat","embeddable":true,"href":"https:\/\/orbeatize.com\/en\/wp-json\/wp\/v2\/product_cat?post=3793"},{"taxonomy":"product_tag","embeddable":true,"href":"https:\/\/orbeatize.com\/en\/wp-json\/wp\/v2\/product_tag?post=3793"}],"curies":[{"name":"wp","href":"https:\/\/api.w.org\/{rel}","templated":true}]}}